{"id":17368,"date":"2023-02-27T12:12:44","date_gmt":"2023-02-27T12:12:44","guid":{"rendered":"https:\/\/osunsa.org.ar\/?page_id=17368"},"modified":"2024-09-02T01:50:11","modified_gmt":"2024-09-02T01:50:11","slug":"colegio-profesional-de-podologos-de-salta","status":"publish","type":"page","link":"https:\/\/osunsa.org.ar\/website\/colegio-profesional-de-podologos-de-salta\/","title":{"rendered":"Colegio Profesional de Pod\u00f3logos de Salta"},"content":{"rendered":"<h2 class=\"wpdt-c\" id=\"wdt-table-title-22\">Colegio Profesional de Pod\u00f3logos<\/h2>\n<div class=\"wpdt-c wdt-skin-aqua\">\n    \n    <input type=\"hidden\" id=\"table_1_desc\"\n           value='{\"tableId\":\"table_1\",\"tableType\":\"xls\",\"selector\":\"#table_1\",\"responsive\":true,\"responsiveAction\":\"icon\",\"editable\":false,\"inlineEditing\":false,\"infoBlock\":false,\"pagination_top\":0,\"pagination\":1,\"paginationAlign\":\"right\",\"paginationLayout\":\"full_numbers\",\"paginationLayoutMobile\":\"simple\",\"file_location\":\"wp_media_lib\",\"tableSkin\":\"aqua\",\"table_wcag\":0,\"simple_template_id\":0,\"scrollable\":false,\"fixedLayout\":false,\"globalSearch\":true,\"showRowsPerPage\":false,\"popoverTools\":false,\"loader\":1,\"showCartInformation\":0,\"hideBeforeLoad\":true,\"number_format\":1,\"decimalPlaces\":1,\"spinnerSrc\":\"https:\\\/\\\/osunsa.org.ar\\\/website\\\/wp-content\\\/plugins\\\/wpdatatables\\\/assets\\\/\\\/img\\\/spinner.gif\",\"groupingEnabled\":false,\"tableWpId\":22,\"dataTableParams\":{\"sDom\":\"BT\\u003C\\u0027clear\\u0027\\u003Eftp\",\"bSortCellsTop\":false,\"bFilter\":true,\"bPaginate\":true,\"sPaginationType\":\"full_numbers\",\"aLengthMenu\":[[1,5,10,25,50,100,-1],[1,5,10,25,50,100,\"All\"]],\"iDisplayLength\":10,\"columnDefs\":[{\"sType\":\"string\",\"wdtType\":\"string\",\"bVisible\":true,\"orderable\":true,\"searchable\":true,\"InputType\":\"text\",\"name\":\"APELLIDO Y NOMBRE\",\"origHeader\":\"APELLIDO Y NOMBRE\",\"notNull\":false,\"conditionalFormattingRules\":[],\"transformValueRules\":\"\",\"className\":\" column-apellido-y-nombre\",\"aTargets\":[0]},{\"sType\":\"formatted-num\",\"wdtType\":\"int\",\"bVisible\":true,\"orderable\":true,\"searchable\":true,\"InputType\":\"text\",\"name\":\"MAT.\",\"origHeader\":\"MAT.\",\"notNull\":false,\"conditionalFormattingRules\":[],\"transformValueRules\":\"\",\"className\":\"numdata integer  column-mat\",\"aTargets\":[1]},{\"sType\":\"string\",\"wdtType\":\"string\",\"bVisible\":true,\"orderable\":true,\"searchable\":true,\"InputType\":\"text\",\"name\":\"DOMICILIOS\",\"origHeader\":\"DOMICILIOS\",\"notNull\":false,\"conditionalFormattingRules\":[],\"transformValueRules\":\"\",\"className\":\" column-domicilios\",\"aTargets\":[2]},{\"sType\":\"string\",\"wdtType\":\"string\",\"bVisible\":true,\"orderable\":true,\"searchable\":true,\"InputType\":\"text\",\"name\":\"TELEFONOS\",\"origHeader\":\"TELEFONOS\",\"notNull\":false,\"conditionalFormattingRules\":[],\"transformValueRules\":\"\",\"className\":\" column-telefonos\",\"aTargets\":[3]}],\"bAutoWidth\":false,\"order\":[[0,\"asc\"]],\"ordering\":true,\"fixedHeader\":{\"header\":false,\"headerOffset\":0},\"fixedColumns\":false,\"oLanguage\":{\"sProcessing\":\"Procesando...\",\"sLengthMenu\":\"Mostrar _MENU_ registros\",\"sZeroRecords\":\"No se encontraron resultados\",\"sEmptyTable\":\"Ning\\u00fan dato disponible en esta tabla\",\"sInfo\":\"Mostrando registros del _START_ al _END_ de un total de _TOTAL_ registros\",\"sInfoEmpty\":\"Mostrando registros del 0 al 0 de un total de 0 registros\",\"sInfoFiltered\":\"(filtrado de un total de _MAX_ registros)\",\"sInfoPostFix\":\"\",\"sSearch\":\"\\u003Cspan class=\\u0022wdt-search-icon\\u0022\\u003E\\u003C\\\/span\\u003E\",\"sSearchPlaceholder\":\"Tabla de b\\u00fasqueda\",\"sUrl\":\"\",\"sInfoThousands\":\",\",\"sLoadingRecords\":\"Cargando...\",\"oPaginate\":{\"sFirst\":\"Primero\",\"sLast\":\"\\u00daltimo\",\"sNext\":\"Siguiente\",\"sPrevious\":\"Anterior\"},\"fnInfoCallback\":null,\"oAria\":{\"sSortAscending\":\": Activar para ordernar la columna de manera ascendente\",\"sSortDescending\":\": Activar para ordernar la columna de manera descendente\"}},\"buttons\":[{\"extend\":\"print\",\"exportOptions\":{\"columns\":\":visible\",\"stripHtml\":true},\"className\":\"DTTT_button DTTT_button_print\",\"text\":\"Print\",\"title\":\"Colegio Profesional de Pod\\u00f3logos\"},{\"extend\":\"collection\",\"className\":\"DTTT_button DTTT_button_export\",\"text\":\"Export\",\"buttons\":[{\"extend\":\"pdfHtml5\",\"exportOptions\":{\"columns\":\":visible\"},\"orientation\":\"portrait\",\"pageSize\":\"A4\",\"title\":\"Colegio Profesional de Pod\\u00f3logos\",\"text\":\"PDF\"}]},{\"buttons\":[\"pageLength\"],\"className\":\"DTTT_button DTTT_button_spacer\",\"text\":\"Spacer\"}],\"bProcessing\":false,\"oSearch\":{\"bSmart\":false,\"bRegex\":false,\"sSearch\":\"\"}},\"customRowDisplay\":\"\",\"tabletWidth\":\"1024\",\"mobileWidth\":\"480\",\"renderFilter\":\"footer\",\"advancedFilterEnabled\":false,\"serverSide\":false,\"columnsFixed\":0,\"sumFunctionsLabel\":\"\",\"avgFunctionsLabel\":\"\",\"minFunctionsLabel\":\"\",\"maxFunctionsLabel\":\"ee000305\",\"columnsDecimalPlaces\":{\"APELLIDO Y NOMBRE\":-1,\"MAT.\":-1,\"DOMICILIOS\":-1,\"TELEFONOS\":-1},\"columnsThousandsSeparator\":{\"MAT.\":1},\"sumColumns\":[],\"avgColumns\":[],\"sumAvgColumns\":[],\"timeFormat\":\"H:i\",\"datepickFormat\":\"dd\\\/mm\\\/yy\"}'\/>\n\n    <table id=\"table_1\"\n           class=\"  responsive display nowrap wdt-no-display data-t data-t wpDataTable wpDataTableID-22 \"\n           style=\"display: none; \"\n           data-described-by='table_1_desc'\n           data-wpdatatable_id=\"22\">\n        \n        <!-- Table header -->\n        \n<thead>\n<tr>\n                    <th\n        data-class=\"expand\"                class=\" wdtheader sort \"\n        style=\"\">        APELLIDO Y NOMBRE<\/th>        <th\n                        class=\" wdtheader sort numdata integer \"\n        style=\"\">        MAT.<\/th>        <th\n                        class=\" wdtheader sort \"\n        style=\"\">        DOMICILIOS<\/th>        <th\n                        class=\" wdtheader sort \"\n        style=\"\">        TELEFONOS<\/th>    <\/tr>\n<\/thead>\n        <!-- \/Table header -->\n\n        <!-- Table body -->\n        \n<tbody>\n<!-- Table body -->\n<div data-id=\"22\"\n     class=\"wdt-timeline-item wdt-timeline-table_1\"\n     style=\"\">\n    <div class=\"wdt-table-loader\">\n        <div class=\"wdt-table-loader-row wdt-table-loader-header\">\n            <div class=\"wdt-table-loader-header-cell wdt-animated-background\"><\/div>\n            <div class=\"wdt-table-loader-header-cell wdt-animated-background\"><\/div>\n            <div class=\"wdt-table-loader-header-cell wdt-animated-background\"><\/div>\n        <\/div>\n                    <div class=\"wdt-table-loader-row\">\n                <div class=\"wdt-table-loader-cell wdt-animated-background\"><\/div>\n                <div class=\"wdt-table-loader-cell wdt-animated-background\"><\/div>\n                <div class=\"wdt-table-loader-cell wdt-animated-background\"><\/div>\n            <\/div>\n                    <div class=\"wdt-table-loader-row\">\n                <div class=\"wdt-table-loader-cell wdt-animated-background\"><\/div>\n                <div class=\"wdt-table-loader-cell wdt-animated-background\"><\/div>\n                <div class=\"wdt-table-loader-cell wdt-animated-background\"><\/div>\n            <\/div>\n                    <div class=\"wdt-table-loader-row\">\n                <div class=\"wdt-table-loader-cell wdt-animated-background\"><\/div>\n                <div class=\"wdt-table-loader-cell wdt-animated-background\"><\/div>\n                <div class=\"wdt-table-loader-cell wdt-animated-background\"><\/div>\n            <\/div>\n                    <div class=\"wdt-table-loader-row\">\n                <div class=\"wdt-table-loader-cell wdt-animated-background\"><\/div>\n                <div class=\"wdt-table-loader-cell wdt-animated-background\"><\/div>\n                <div class=\"wdt-table-loader-cell wdt-animated-background\"><\/div>\n            <\/div>\n                    <div class=\"wdt-table-loader-row\">\n                <div class=\"wdt-table-loader-cell wdt-animated-background\"><\/div>\n                <div class=\"wdt-table-loader-cell wdt-animated-background\"><\/div>\n                <div class=\"wdt-table-loader-cell wdt-animated-background\"><\/div>\n            <\/div>\n                    <div class=\"wdt-table-loader-row\">\n                <div class=\"wdt-table-loader-cell wdt-animated-background\"><\/div>\n                <div class=\"wdt-table-loader-cell wdt-animated-background\"><\/div>\n                <div class=\"wdt-table-loader-cell wdt-animated-background\"><\/div>\n            <\/div>\n                    <div class=\"wdt-table-loader-row\">\n                <div class=\"wdt-table-loader-cell wdt-animated-background\"><\/div>\n                <div class=\"wdt-table-loader-cell wdt-animated-background\"><\/div>\n                <div class=\"wdt-table-loader-cell wdt-animated-background\"><\/div>\n            <\/div>\n                    <div class=\"wdt-table-loader-row\">\n                <div class=\"wdt-table-loader-cell wdt-animated-background\"><\/div>\n                <div class=\"wdt-table-loader-cell wdt-animated-background\"><\/div>\n                <div class=\"wdt-table-loader-cell wdt-animated-background\"><\/div>\n            <\/div>\n                    <div class=\"wdt-table-loader-row\">\n                <div class=\"wdt-table-loader-cell wdt-animated-background\"><\/div>\n                <div class=\"wdt-table-loader-cell wdt-animated-background\"><\/div>\n                <div class=\"wdt-table-loader-cell wdt-animated-background\"><\/div>\n            <\/div>\n                    <div class=\"wdt-table-loader-row\">\n                <div class=\"wdt-table-loader-cell wdt-animated-background\"><\/div>\n                <div class=\"wdt-table-loader-cell wdt-animated-background\"><\/div>\n                <div class=\"wdt-table-loader-cell wdt-animated-background\"><\/div>\n            <\/div>\n                    <div class=\"wdt-table-loader-row\">\n                <div class=\"wdt-table-loader-cell wdt-animated-background\"><\/div>\n                <div class=\"wdt-table-loader-cell wdt-animated-background\"><\/div>\n                <div class=\"wdt-table-loader-cell wdt-animated-background\"><\/div>\n            <\/div>\n            <\/div>\n<\/div><!-- \/Table body -->\n                    <tr id=\"table_22_row_0\"\n            data-row-index=\"0\">\n                            <td style=\"\">ALVAREZ, NILDA SONIA DEL VALLE<\/td>\n                            <td style=\"\">88<\/td>\n                            <td style=\"\">GENERAL G\u00dcEMES 1941, SALTA<\/td>\n                            <td style=\"\">4223118<\/td>\n                    <\/tr>\n                            <tr id=\"table_22_row_1\"\n            data-row-index=\"1\">\n                            <td style=\"\">AGUIRRE JORGE NARCISO<\/td>\n                            <td style=\"\">77<\/td>\n                            <td style=\"\">CERRO SOCOPMA 295 - SAN LUIS<\/td>\n                            <td style=\"\">3875846823<\/td>\n                    <\/tr>\n                            <tr id=\"table_22_row_2\"\n            data-row-index=\"2\">\n                            <td style=\"\">ARROYO, MIRTA YOLANDA<\/td>\n                            <td style=\"\">10<\/td>\n                            <td style=\"\">Islas Malvinas 754, SALTA<\/td>\n                            <td style=\"\">3875656626<\/td>\n                    <\/tr>\n                            <tr id=\"table_22_row_3\"\n            data-row-index=\"3\">\n                            <td style=\"\">BARRIONUEVO, MIRIAM NATALIA<\/td>\n                            <td style=\"\">65<\/td>\n                            <td style=\"\">GENERAL G\u00fcEMES N\u00ba 579 - SALTA.<\/td>\n                            <td style=\"\">3874859517<\/td>\n                    <\/tr>\n                            <tr id=\"table_22_row_4\"\n            data-row-index=\"4\">\n                            <td style=\"\">CARO, MAR\u00cdA ROSA<\/td>\n                            <td style=\"\">34<\/td>\n                            <td style=\"\">URQUIZA N\u00ba  462 - SALTA.<\/td>\n                            <td style=\"\">3874214805<\/td>\n                    <\/tr>\n                            <tr id=\"table_22_row_5\"\n            data-row-index=\"5\">\n                            <td style=\"\">CARO, MAR\u00cdA ROSA<\/td>\n                            <td style=\"\">34<\/td>\n                            <td style=\"\">2\u00ba DOMICILIO:  EG\u00fcES N\u00ba 696 OR\u00c1N.<\/td>\n                            <td style=\"\">3878425951<\/td>\n                    <\/tr>\n                            <tr id=\"table_22_row_6\"\n            data-row-index=\"6\">\n                            <td style=\"\">CHAMBI, FLAVIA ROXANA<\/td>\n                            <td style=\"\">114<\/td>\n                            <td style=\"\">20 de Febrero N\u00b0 140, SALTA<\/td>\n                            <td style=\"\">3874 82-3278<\/td>\n                    <\/tr>\n                            <tr id=\"table_22_row_7\"\n            data-row-index=\"7\">\n                            <td style=\"\">DIAZ PATRICIA ELENA<\/td>\n                            <td style=\"\">79<\/td>\n                            <td style=\"\">MITRE N\u00ba 494 - SALTA.<\/td>\n                            <td style=\"\">4212434<\/td>\n                    <\/tr>\n                            <tr id=\"table_22_row_8\"\n            data-row-index=\"8\">\n                            <td style=\"\">DIAZ PATRICIA ELENA<\/td>\n                            <td style=\"\">79<\/td>\n                            <td style=\"\">SANTA FE 53 - SALTA<\/td>\n                            <td style=\"\">3874 67-3045<\/td>\n                    <\/tr>\n                            <tr id=\"table_22_row_9\"\n            data-row-index=\"9\">\n                            <td style=\"\">ELBIRT, IGNACIO ESTEBAN<\/td>\n                            <td style=\"\">113<\/td>\n                            <td style=\"\">Gral. Martin G\u00fcemes 1943, SALTA<\/td>\n                            <td style=\"\">3875824201<\/td>\n                    <\/tr>\n                            <tr id=\"table_22_row_10\"\n            data-row-index=\"10\">\n                            <td style=\"\">ESCRIBAS, MIRIA JACQUELINE<\/td>\n                            <td style=\"\">59<\/td>\n                            <td style=\"\">Las Quinas 92, SALTA<\/td>\n                            <td style=\"\">3876833639<\/td>\n                    <\/tr>\n                            <tr id=\"table_22_row_11\"\n            data-row-index=\"11\">\n                            <td style=\"\">GARC\u00cdA, RUB\u00c9N ANGEL<\/td>\n                            <td style=\"\">13<\/td>\n                            <td style=\"\">URQUIZA N\u00ba 462 - SALTA.<\/td>\n                            <td style=\"\">4214805<\/td>\n                    <\/tr>\n                            <tr id=\"table_22_row_12\"\n            data-row-index=\"12\">\n                            <td style=\"\">GARC\u00cdA, RUB\u00c9N ANGEL<\/td>\n                            <td style=\"\">13<\/td>\n                            <td style=\"\">2\u00ba DOMICILIO: EG\u00dcES N\u00ba 696 OR\u00c1N.<\/td>\n                            <td style=\"\">0387-8425951<\/td>\n                    <\/tr>\n                            <tr id=\"table_22_row_13\"\n            data-row-index=\"13\">\n                            <td style=\"\">GORRITTI, JUANA MANUELA<\/td>\n                            <td style=\"\">16<\/td>\n                            <td style=\"\">URQUIZA N\u00ba 395  - SALTA.<\/td>\n                            <td style=\"\">3874 41-9158<\/td>\n                    <\/tr>\n                            <tr id=\"table_22_row_14\"\n            data-row-index=\"14\">\n                            <td style=\"\">GUANTAY, ROXANA<\/td>\n                            <td style=\"\">72<\/td>\n                            <td style=\"\">Espa\u00f1a 157, SALTA<\/td>\n                            <td style=\"\">3875923711<\/td>\n                    <\/tr>\n                            <tr id=\"table_22_row_15\"\n            data-row-index=\"15\">\n                            <td style=\"\">HEREDIA MONTA\u00d1O, ROSA BEATRIZ<\/td>\n                            <td style=\"\">70<\/td>\n                            <td style=\"\">MITRE N\u00ba 494 - SALTA.<\/td>\n                            <td style=\"\">4212434 \/ 387 591-3752<\/td>\n                    <\/tr>\n                            <tr id=\"table_22_row_16\"\n            data-row-index=\"16\">\n                            <td style=\"\">JIMENEZ, FACUNDO NAHUEL<\/td>\n                            <td style=\"\">110<\/td>\n                            <td style=\"\">Pedro de Valdivia 654, SALTA<\/td>\n                            <td style=\"\">387 469-7381<\/td>\n                    <\/tr>\n                            <tr id=\"table_22_row_17\"\n            data-row-index=\"17\">\n                            <td style=\"\">MAIZARES, JORGELINA NANCY<\/td>\n                            <td style=\"\">76<\/td>\n                            <td style=\"\">LEGUIZAMON N\u00ba 567 - SALTA.<\/td>\n                            <td style=\"\">3875 20-8265<\/td>\n                    <\/tr>\n                            <tr id=\"table_22_row_18\"\n            data-row-index=\"18\">\n                            <td style=\"\">MIRANDA, MAR\u00cdA DEL TR\u00c1NSITO<\/td>\n                            <td style=\"\">78<\/td>\n                            <td style=\"\">ALSINA 846 - SALTA.<\/td>\n                            <td style=\"\">3874897333<\/td>\n                    <\/tr>\n                            <tr id=\"table_22_row_19\"\n            data-row-index=\"19\">\n                            <td style=\"\">MOYA, HUGO DANTE CARLOS<\/td>\n                            <td style=\"\">17<\/td>\n                            <td style=\"\">URQUIZA 395 - SALTA.<\/td>\n                            <td style=\"\">3875730013<\/td>\n                    <\/tr>\n                            <tr id=\"table_22_row_20\"\n            data-row-index=\"20\">\n                            <td style=\"\">PAREDES, ROC\u00cdO MAR\u00cdA DE LOS \u00c1NGELES<\/td>\n                            <td style=\"\">116<\/td>\n                            <td style=\"\">Urquiza 462, SALTA<\/td>\n                            <td style=\"\">3888 52-0340<\/td>\n                    <\/tr>\n                            <tr id=\"table_22_row_21\"\n            data-row-index=\"21\">\n                            <td style=\"\">RAMOS. IN\u00c9S<\/td>\n                            <td style=\"\">23<\/td>\n                            <td style=\"\">INDEPENDENCIA N\u00ba 1036 - SALTA.<\/td>\n                            <td style=\"\">4234727<\/td>\n                    <\/tr>\n                            <tr id=\"table_22_row_22\"\n            data-row-index=\"22\">\n                            <td style=\"\">RUIZ, ADRIANA LIA<\/td>\n                            <td style=\"\">112<\/td>\n                            <td style=\"\">20 de Febrero N\u00b0 140, SALTA<\/td>\n                            <td style=\"\">3875 93-1907<\/td>\n                    <\/tr>\n                            <tr id=\"table_22_row_23\"\n            data-row-index=\"23\">\n                            <td style=\"\">SILES RUIZ, YAMIL FEDERICO<\/td>\n                            <td style=\"\">111<\/td>\n                            <td style=\"\">Av. Belgrano 912, SALTA<\/td>\n                            <td style=\"\">3874662824<\/td>\n                    <\/tr>\n                            <tr id=\"table_22_row_24\"\n            data-row-index=\"24\">\n                            <td style=\"\">VILLOLDO, MARIA IN\u00c9S<\/td>\n                            <td style=\"\">24<\/td>\n                            <td style=\"\">ITUZAING\u00d3 N\u00ba 751 - SALTA.<\/td>\n                            <td style=\"\">4215030<\/td>\n                    <\/tr>\n                            <tr id=\"table_22_row_25\"\n            data-row-index=\"25\">\n                            <td style=\"\">VILLOLDO, MARIA IN\u00c9S<\/td>\n                            <td style=\"\">24<\/td>\n                            <td style=\"\">2\u00ba DOMICILIO: LA VOZ DEL COMAHUE 2908 - B\u00ba INTERSIND.<\/td>\n                            <td style=\"\">4240932<\/td>\n                    <\/tr>\n                            <tr id=\"table_22_row_26\"\n            data-row-index=\"26\">\n                            <td style=\"\">ZAPANA, ANDREA VIVIANA<\/td>\n                            <td style=\"\">61<\/td>\n                            <td style=\"\">O\u00a8 HIGGINS 1.O55, SALTA<\/td>\n                            <td style=\"\">3875500810<\/td>\n                    <\/tr>\n                            <tr id=\"table_22_row_27\"\n            data-row-index=\"27\">\n                            <td style=\"\">ZAPANA, ANDREA VIVIANA<\/td>\n                            <td style=\"\">61<\/td>\n                            <td style=\"\">Urquiza 462, SALTA<\/td>\n                            <td style=\"\">3875500810<\/td>\n                    <\/tr>\n            <\/tbody>        <!-- \/Table body -->\n\n        <!-- Table footer -->\n        \n        <!-- \/Table footer -->\n    <\/table>\n\n<\/div><style>\ntable.wpDataTable td.numdata { text-align: right !important; }\n<\/style>\n<style>\n<\/style>\n<style>\n            \/* th background color *\/\n    .wpdt-c.wpDataTablesWrapper table.wpdtSimpleTable.bt[data-has-header='1'] td.wpdt-header-classes,\n    .wpdt-c.wpDataTablesWrapper table#wpdtSimpleTable-22 thead th,\n    .wpdt-c .wpDataTablesWrapper table.wpDataTable.wpDataTableID-22 > thead > tr > th,\n    .wpdt-c .wpDataTablesWrapper table.wpDataTable.wpDataTableID-22 thead th,\n    .wpdt-c .wpDataTablesWrapper table.wpDataTable.wpDataTableID-22 thead th.sorting {\n        background-color: #4CAF50 !important;\n        background-image: none !important;\n    }\n\n            \/* th border color *\/\n    .wpdt-c.wpDataTablesWrapper table#wpdtSimpleTable-22 thead th,\n    .wpdt-c .wpDataTablesWrapper table.wpDataTable.wpDataTableID-22 thead th,\n    .wpdt-c .wpDataTablesWrapper table.wpDataTable.wpDataTableID-22 thead th.sorting {\n        border: solid #4CAF50 !important;\n        border-width: initial;\n    }\n\n                    \/* td inner border color *\/\n     .wpdt-c.wpDataTablesWrapper table.wpDataTable#wpdtSimpleTable-22 td,\n    .wpdt-c .wpDataTablesWrapper table.wpDataTable.wpDataTableID-22 td,\n    .wpdt-c .wpDataTablesWrapper table.wpDataTable.wpDataTableID-22 tr.odd td,\n    .wpdt-c .wpDataTablesWrapper table.wpDataTable.wpDataTableID-22 tr.even td {\n        border-color: #4CAF50 !important;\n    }\n\n                \/* table outer border color *\/\n    .wpdt-c.wpDataTablesWrapper table#wpdtSimpleTable-22 tr:last-child td,\n        .wpdt-c .wpDataTablesWrapper table.wpDataTable.wpDataTableID-22 tfoot tr td {\n        border-bottom-color: #4CAF50 !important;\n    }\n\n         .wpdt-c.wpDataTablesWrapper table#wpdtSimpleTable-22 tr td:first-child,\n    .wpdt-c .wpDataTablesWrapper table.wpDataTable.wpDataTableID-22 tr td:first-child {\n        border-left-color: #4CAF50 !important;\n    }\n\n     .wpdt-c.wpDataTablesWrapper table#wpdtSimpleTable-22 tr td:last-child,\n    .wpdt-c .wpDataTablesWrapper table.wpDataTable.wpDataTableID-22 tr td:last-child {\n        border-right-color: #4CAF50 !important;\n    }\n\n        .wpdt-c .wpDataTablesWrapper table.wpDataTable.wpDataTableID-22 tr th {\n        border-top-color: #4CAF50 !important;\n    }\n\n    \n    \n        \/* odd rows background color *\/\n    .wpdt-c.wpDataTablesWrapper table#wpdtSimpleTable-22 tr.odd td,\n    .wpdt-c .wpDataTablesWrapper table.wpDataTable.wpDataTableID-22 tr.odd td {\n        background-color: #E1E1E1 !important;\n    }\n\n                        \/* rows hover background color *\/\n    .wpdt-c.wpDataTablesWrapper table#wpdtSimpleTable-22 tr.odd:hover > td,\n    .wpdt-c .wpDataTablesWrapper table.wpDataTable.wpDataTableID-22 tr.odd:hover > td,\n    .wpdt-c .wpDataTablesWrapper table.wpDataTable.wpDataTableID-22 tr.odd:hover > td.sorting_1,\n    .wpdt-c .wpDataTablesWrapper table.wpDataTable.wpDataTableID-22 tr.even:hover > td,\n    .wpdt-c.wpDataTablesWrapper table#wpdtSimpleTable-22 tr.even:hover > td,\n    .wpdt-c .wpDataTablesWrapper table.wpDataTable.wpDataTableID-22 tr.even:hover > td.sorting_1 {\n        background-color: #C0EAaa !important;\n    }\n\n                        \/* pagination current page background color *\/\n    .wpDataTablesWrapper.wpDataTableID-22 .dataTables_paginate .paginate_button.current,\n    .wpDataTablesWrapper.wpDataTableID-22 .dataTables_paginate .paginate_button.current:hover {\n        background-color: #4CAF50 !important;\n    }\n\n        \n        \/* pagination other pages hover background color *\/\n    .wpDataTablesWrapper.wpDataTableID-22 .dataTables_paginate .paginate_button:hover:not(.disabled):not(.current) {\n        background-color: #4CAF50 !important;\n    }\n\n                <\/style>\n\n","protected":false},"excerpt":{"rendered":"","protected":false},"author":2,"featured_media":0,"parent":0,"menu_order":0,"comment_status":"closed","ping_status":"closed","template":"","meta":{"_acf_changed":false,"_joinchat":[],"footnotes":""},"class_list":["post-17368","page","type-page","status-publish","hentry"],"acf":[],"_links":{"self":[{"href":"https:\/\/osunsa.org.ar\/website\/wp-json\/wp\/v2\/pages\/17368","targetHints":{"allow":["GET"]}}],"collection":[{"href":"https:\/\/osunsa.org.ar\/website\/wp-json\/wp\/v2\/pages"}],"about":[{"href":"https:\/\/osunsa.org.ar\/website\/wp-json\/wp\/v2\/types\/page"}],"author":[{"embeddable":true,"href":"https:\/\/osunsa.org.ar\/website\/wp-json\/wp\/v2\/users\/2"}],"replies":[{"embeddable":true,"href":"https:\/\/osunsa.org.ar\/website\/wp-json\/wp\/v2\/comments?post=17368"}],"version-history":[{"count":2,"href":"https:\/\/osunsa.org.ar\/website\/wp-json\/wp\/v2\/pages\/17368\/revisions"}],"predecessor-version":[{"id":18172,"href":"https:\/\/osunsa.org.ar\/website\/wp-json\/wp\/v2\/pages\/17368\/revisions\/18172"}],"wp:attachment":[{"href":"https:\/\/osunsa.org.ar\/website\/wp-json\/wp\/v2\/media?parent=17368"}],"curies":[{"name":"wp","href":"https:\/\/api.w.org\/{rel}","templated":true}]}}