{"id":17282,"date":"2023-02-25T14:19:19","date_gmt":"2023-02-25T14:19:19","guid":{"rendered":"https:\/\/osunsa.org.ar\/?page_id=17282"},"modified":"2023-02-25T14:22:03","modified_gmt":"2023-02-25T14:22:03","slug":"afiliacion","status":"publish","type":"page","link":"https:\/\/osunsa.org.ar\/website\/afiliacion\/","title":{"rendered":"Afiliaci\u00f3n"},"content":{"rendered":"\t\t<div data-elementor-type=\"wp-page\" data-elementor-id=\"17282\" class=\"elementor elementor-17282\">\n\t\t\t\t\t\t<section class=\"elementor-section elementor-top-section elementor-element elementor-element-3395cc4 elementor-section-boxed elementor-section-height-default elementor-section-height-default\" data-id=\"3395cc4\" data-element_type=\"section\" data-e-type=\"section\">\n\t\t\t\t\t\t<div class=\"elementor-container elementor-column-gap-default\">\n\t\t\t\t\t<div class=\"elementor-column elementor-col-100 elementor-top-column elementor-element elementor-element-cdc1f0b\" data-id=\"cdc1f0b\" data-element_type=\"column\" data-e-type=\"column\">\n\t\t\t<div class=\"elementor-widget-wrap elementor-element-populated\">\n\t\t\t\t\t\t<div class=\"elementor-element elementor-element-bdf903f elementor-widget elementor-widget-heading\" data-id=\"bdf903f\" data-element_type=\"widget\" data-e-type=\"widget\" data-widget_type=\"heading.default\">\n\t\t\t\t<div class=\"elementor-widget-container\">\n\t\t\t\t\t<h2 class=\"elementor-heading-title elementor-size-default\">Afiliaci\u00f3n<\/h2>\t\t\t\t<\/div>\n\t\t\t\t<\/div>\n\t\t\t\t\t<\/div>\n\t\t<\/div>\n\t\t\t\t\t<\/div>\n\t\t<\/section>\n\t\t\t\t<section class=\"elementor-section elementor-top-section elementor-element elementor-element-5cf598c elementor-section-boxed elementor-section-height-default elementor-section-height-default\" data-id=\"5cf598c\" data-element_type=\"section\" data-e-type=\"section\">\n\t\t\t\t\t\t<div class=\"elementor-container elementor-column-gap-default\">\n\t\t\t\t\t<div class=\"elementor-column elementor-col-100 elementor-top-column elementor-element elementor-element-bc1628b\" data-id=\"bc1628b\" data-element_type=\"column\" data-e-type=\"column\">\n\t\t\t<div class=\"elementor-widget-wrap elementor-element-populated\">\n\t\t\t\t\t\t<div class=\"elementor-element elementor-element-0b43a38 elementor-widget elementor-widget-text-editor\" data-id=\"0b43a38\" data-element_type=\"widget\" data-e-type=\"widget\" data-widget_type=\"text-editor.default\">\n\t\t\t\t<div class=\"elementor-widget-container\">\n\t\t\t\t\t\t\t\t\t<p>\u00danicamente pueden ser afiliados a la Obra Social quienes trabajen en relaci\u00f3n de dependencia en la Universidad Nacional de Salta.&nbsp;<span style=\"color: var( --e-global-color-text ); font-family: var( --e-global-typography-text-font-family ), Sans-serif; font-weight: var( --e-global-typography-text-font-weight ); font-size: 1rem;\">Quienes hayan trabajado en relaci\u00f3n de dependencia en la UNSa.&nbsp;<br><\/span><span style=\"color: var( --e-global-color-text ); font-family: var( --e-global-typography-text-font-family ), Sans-serif; font-weight: var( --e-global-typography-text-font-weight ); font-size: 1rem;\">Pueden optar por afiliarse como Afiliado Jubilado, conforme a normativa vigente de OSUNSa. Para ello, deber\u00e1 realizar la solicitud correspondiente dentro del plazo de un a\u00f1o de haberse acogido al beneficio de la jubilaci\u00f3n.<\/span><span style=\"color: var( --e-global-color-text ); font-family: var( --e-global-typography-text-font-family ), Sans-serif; font-weight: var( --e-global-typography-text-font-weight ); font-size: 1rem;\">&nbsp;<\/span><\/p>\n<p>Para darse de alta en la Obra Social, el afiliado deber\u00e1 presentarse en administraci\u00f3n de OSUNSa con la siguiente documentaci\u00f3n:<\/p>\t\t\t\t\t\t\t\t<\/div>\n\t\t\t\t<\/div>\n\t\t\t\t\t<\/div>\n\t\t<\/div>\n\t\t\t\t\t<\/div>\n\t\t<\/section>\n\t\t\t\t<section class=\"elementor-section elementor-top-section elementor-element elementor-element-5543c66 elementor-section-boxed elementor-section-height-default elementor-section-height-default\" data-id=\"5543c66\" data-element_type=\"section\" data-e-type=\"section\">\n\t\t\t\t\t\t<div class=\"elementor-container elementor-column-gap-default\">\n\t\t\t\t\t<div class=\"elementor-column elementor-col-50 elementor-top-column elementor-element elementor-element-d2df251\" data-id=\"d2df251\" data-element_type=\"column\" data-e-type=\"column\">\n\t\t\t<div class=\"elementor-widget-wrap elementor-element-populated\">\n\t\t\t\t\t\t<div class=\"elementor-element elementor-element-23a60eb elementor-widget elementor-widget-text-editor\" data-id=\"23a60eb\" data-element_type=\"widget\" data-e-type=\"widget\" data-widget_type=\"text-editor.default\">\n\t\t\t\t<div class=\"elementor-widget-container\">\n\t\t\t\t\t\t\t\t\t<p><span style=\"color: #008000;\"><strong>Personal con Relaci\u00f3n de Dependencia en la UNSa. (titular):<\/strong><\/span><\/p><ul><li>Declaraci\u00f3n Jurada.<\/li><li>\u00daltimo recibo de sueldo.<\/li><li>Fotocopia de Documento de Identidad.<\/li><li>Fotocopia de Resoluci\u00f3n de designaci\u00f3n.<\/li><li>Fotocopia de Resoluci\u00f3n de toma de posesi\u00f3n.<\/li><li>Fotocopia de Certificado de Aptitud F\u00edsica\u00a0 extendido por Direcci\u00f3n de salud Universitaria de la UNSa.<\/li><li>Una foto carnet 4&#215;4.<\/li><\/ul><p><span style=\"color: #008000;\"><strong>Grupo Familiar<\/strong><\/span><\/p><ul><li>Fotocopia de Acta de matrimonio.<\/li><li>Fotocopia Partida de Nacimiento extendida por el Registro Civil de cada integrante del grupo familiar.<\/li><li>Fotocopia del DNI de cada integrante del grupo familiar.<\/li><li>Certificado de estudios universitarios o del organismo, oficialmente reconocidos por la autoridad pertinente, para los hijos mayores de 21 a\u00f1os hasta 25 a\u00f1os.<\/li><li>En caso de discapacidad, debe presentar C.U.D conforme a normativa de OSUNSa.<\/li><\/ul>\t\t\t\t\t\t\t\t<\/div>\n\t\t\t\t<\/div>\n\t\t\t\t\t<\/div>\n\t\t<\/div>\n\t\t\t\t<div class=\"elementor-column elementor-col-50 elementor-top-column elementor-element elementor-element-357b3e3\" data-id=\"357b3e3\" data-element_type=\"column\" data-e-type=\"column\">\n\t\t\t<div class=\"elementor-widget-wrap elementor-element-populated\">\n\t\t\t\t\t\t<div class=\"elementor-element elementor-element-658b9f6 elementor-widget elementor-widget-text-editor\" data-id=\"658b9f6\" data-element_type=\"widget\" data-e-type=\"widget\" data-widget_type=\"text-editor.default\">\n\t\t\t\t<div class=\"elementor-widget-container\">\n\t\t\t\t\t\t\t\t\t<p><span style=\"color: #008000;\"><strong>Jubilados:<\/strong><\/span><\/p><ul><li>Copia de Resoluci\u00f3n extendida por ANSES, por medio de la cual se otorga el beneficio jubilatorio.<\/li><li>Copia de nota de renuncia presentada en UNSa. por acogerse a beneficio jubilatorio.<\/li><li>Copia de Certificaci\u00f3n de Cesaci\u00f3n de sus servicios extendida por la UNSa. o por OSUNSa.<\/li><li>Copia del recibo de haber jubilatorio extendido por ANSES o por cajero autom\u00e1tico, donde el jubilado percibe su haber mensual, a partir del momento en que aquella. Administraci\u00f3n Nacional comience a efectivizarle el pago del beneficio.<\/li><li>Comprobante de CBU. emitida por el cajero autom\u00e1tico del Banco que pag\u00f3 el haber jubilatorio.<\/li><li>Fotocopia simple de la credencial de afiliaci\u00f3n a la misma o fotocopia simple de la correspondiente credencial, que cumpla la misma finalidad.<\/li><li>Nota solicitando afiliaci\u00f3n propia y la del grupo familiar.<\/li><li>Declaraci\u00f3n jurada de datos en la Obra Social de la UNSa.<\/li><\/ul>\t\t\t\t\t\t\t\t<\/div>\n\t\t\t\t<\/div>\n\t\t\t\t<div class=\"elementor-element elementor-element-209e26a elementor-widget elementor-widget-image\" data-id=\"209e26a\" data-element_type=\"widget\" data-e-type=\"widget\" data-widget_type=\"image.default\">\n\t\t\t\t<div class=\"elementor-widget-container\">\n\t\t\t\t\t\t\t\t\t\t\t\t\t\t\t<img fetchpriority=\"high\" decoding=\"async\" width=\"525\" height=\"258\" src=\"https:\/\/osunsa.org.ar\/website\/wp-content\/uploads\/2023\/02\/afiliaciones-768x377.jpg\" class=\"elementor-animation-grow attachment-medium_large size-medium_large wp-image-17284\" alt=\"\" srcset=\"https:\/\/osunsa.org.ar\/website\/wp-content\/uploads\/2023\/02\/afiliaciones-768x377.jpg 768w, https:\/\/osunsa.org.ar\/website\/wp-content\/uploads\/2023\/02\/afiliaciones-300x147.jpg 300w, https:\/\/osunsa.org.ar\/website\/wp-content\/uploads\/2023\/02\/afiliaciones-600x295.jpg 600w, https:\/\/osunsa.org.ar\/website\/wp-content\/uploads\/2023\/02\/afiliaciones.jpg 1000w\" sizes=\"(max-width: 525px) 100vw, 525px\" \/>\t\t\t\t\t\t\t\t\t\t\t\t\t\t\t<\/div>\n\t\t\t\t<\/div>\n\t\t\t\t\t<\/div>\n\t\t<\/div>\n\t\t\t\t\t<\/div>\n\t\t<\/section>\n\t\t\t\t<section class=\"elementor-section elementor-top-section elementor-element elementor-element-0329577 elementor-section-boxed elementor-section-height-default elementor-section-height-default\" data-id=\"0329577\" data-element_type=\"section\" data-e-type=\"section\">\n\t\t\t\t\t\t<div class=\"elementor-container elementor-column-gap-default\">\n\t\t\t\t\t<div class=\"elementor-column elementor-col-100 elementor-top-column elementor-element elementor-element-7eb575d\" data-id=\"7eb575d\" data-element_type=\"column\" data-e-type=\"column\">\n\t\t\t<div class=\"elementor-widget-wrap elementor-element-populated\">\n\t\t\t\t\t\t<div class=\"elementor-element elementor-element-c36cd60 elementor-widget elementor-widget-text-editor\" data-id=\"c36cd60\" data-element_type=\"widget\" data-e-type=\"widget\" data-widget_type=\"text-editor.default\">\n\t\t\t\t<div class=\"elementor-widget-container\">\n\t\t\t\t\t\t\t\t\t<p>Para m\u00e1s informaci\u00f3n, escribir al e-mail: <span style=\"color: #008000;\">autorizaciones.org.ar.<\/span><\/p>\t\t\t\t\t\t\t\t<\/div>\n\t\t\t\t<\/div>\n\t\t\t\t\t<\/div>\n\t\t<\/div>\n\t\t\t\t\t<\/div>\n\t\t<\/section>\n\t\t\t\t<\/div>\n\t\t","protected":false},"excerpt":{"rendered":"<p>Afiliaci\u00f3n \u00danicamente pueden ser afiliados a la Obra Social quienes trabajen en relaci\u00f3n de dependencia en la Universidad Nacional de Salta.&nbsp;Quienes hayan trabajado en relaci\u00f3n de dependencia en la UNSa.&nbsp;Pueden optar por afiliarse como Afiliado Jubilado, conforme a normativa vigente de OSUNSa. Para ello, deber\u00e1 realizar la solicitud correspondiente dentro del plazo de un a\u00f1o [&hellip;]<\/p>\n","protected":false},"author":2,"featured_media":0,"parent":0,"menu_order":0,"comment_status":"closed","ping_status":"closed","template":"","meta":{"_acf_changed":false,"_joinchat":[],"footnotes":""},"class_list":["post-17282","page","type-page","status-publish","hentry"],"acf":[],"_links":{"self":[{"href":"https:\/\/osunsa.org.ar\/website\/wp-json\/wp\/v2\/pages\/17282","targetHints":{"allow":["GET"]}}],"collection":[{"href":"https:\/\/osunsa.org.ar\/website\/wp-json\/wp\/v2\/pages"}],"about":[{"href":"https:\/\/osunsa.org.ar\/website\/wp-json\/wp\/v2\/types\/page"}],"author":[{"embeddable":true,"href":"https:\/\/osunsa.org.ar\/website\/wp-json\/wp\/v2\/users\/2"}],"replies":[{"embeddable":true,"href":"https:\/\/osunsa.org.ar\/website\/wp-json\/wp\/v2\/comments?post=17282"}],"version-history":[{"count":3,"href":"https:\/\/osunsa.org.ar\/website\/wp-json\/wp\/v2\/pages\/17282\/revisions"}],"predecessor-version":[{"id":17288,"href":"https:\/\/osunsa.org.ar\/website\/wp-json\/wp\/v2\/pages\/17282\/revisions\/17288"}],"wp:attachment":[{"href":"https:\/\/osunsa.org.ar\/website\/wp-json\/wp\/v2\/media?parent=17282"}],"curies":[{"name":"wp","href":"https:\/\/api.w.org\/{rel}","templated":true}]}}